{"id":7386,"date":"2023-01-14T08:08:18","date_gmt":"2023-01-14T08:08:18","guid":{"rendered":"https:\/\/omurilik.org.tr\/?page_id=7386"},"modified":"2023-01-14T09:04:00","modified_gmt":"2023-01-14T09:04:00","slug":"yonetim-kurulu","status":"publish","type":"page","link":"https:\/\/omurilik.org.tr\/index.php\/kurumsal\/yonetim-kurulu\/","title":{"rendered":"Y\u00f6netim Kurulu"},"content":{"rendered":"<table class=\"table table-hover\">\n<tbody>\n<tr>\n<td colspan=\"2\" width=\"623\"><strong>Y\u00d6NET\u0130M KURULU (AS\u0130L)<\/strong><\/td>\n<\/tr>\n<tr>\n<td width=\"180\">Ba\u015fkan:<\/td>\n<td width=\"444\">Prof. Dr. M\u00fcfit Aky\u00fcz<\/td>\n<\/tr>\n<tr>\n<td width=\"180\">Ba\u015fkan Yrd.:<\/td>\n<td width=\"444\">Prof. Dr. Bilge Y\u0131lmaz<\/td>\n<\/tr>\n<tr>\n<td width=\"180\">Sekreter:<\/td>\n<td width=\"444\">Do\u00e7. Dr. Engin Koyuncu<\/td>\n<\/tr>\n<tr>\n<td width=\"180\">Sayman:<\/td>\n<td width=\"444\">Do\u00e7. Dr. \u00d6zlem Ta\u015fo\u011flu<\/td>\n<\/tr>\n<tr>\n<td width=\"180\">\u00dcye:<\/td>\n<td width=\"444\">Prof. Dr. R\u0131dvan Alaca<\/td>\n<\/tr>\n<tr>\n<td width=\"180\">\u00dcye:<\/td>\n<td width=\"444\">Prof. Dr. Belgin Erhan<\/td>\n<\/tr>\n<tr>\n<td width=\"180\">\u00dcye:<\/td>\n<td width=\"444\">Do\u00e7. Dr. \u0130brahim G\u00fcndo\u011fdu<\/td>\n<\/tr>\n<\/tbody>\n<\/table>\n<table class=\"table table-hover\">\n<tbody>\n<tr>\n<td colspan=\"2\" width=\"623\"><strong>DENET\u0130M KURULU (AS\u0130L)<\/strong><\/td>\n<\/tr>\n<tr>\n<td width=\"220\">Ne\u015fe \u00d6zgirgin<\/td>\n<td width=\"444\"><\/td>\n<\/tr>\n<tr>\n<td width=\"220\">G\u00fcl\u00fcmser Ayd\u0131n<\/td>\n<td width=\"444\"><\/td>\n<\/tr>\n<tr>\n<td width=\"220\">Canan \u00c7ulha<\/td>\n<td width=\"444\"><\/td>\n<\/tr>\n<\/tbody>\n<\/table>\n<p><strong>Y\u00f6netim Kurulu (Yedek)<\/strong><\/p>\n<ul>\n<li>G\u00fcl\u015fah Karata\u015f<\/li>\n<li>Berrin G\u00fcnd\u00fcz<\/li>\n<li>Aydan Kurtaran<\/li>\n<li>Neslihan Bilge Metli<\/li>\n<\/ul>\n<p><strong>Denetim Kurulu (Yedek)<\/strong><\/p>\n<ul>\n<li>Sibel \u00dcnsal Delialio\u011flu<\/li>\n<li>Nesrin Demirsoy<\/li>\n<li>Sevim Orkun<\/li>\n<\/ul>\n","protected":false},"excerpt":{"rendered":"<p>Y\u00d6NET\u0130M KURULU (AS\u0130L) Ba\u015fkan: Prof. Dr. M\u00fcfit Aky\u00fcz Ba\u015fkan Yrd.: Prof. Dr. Bilge Y\u0131lmaz Sekreter: Do\u00e7. Dr. Engin Koyuncu Sayman: Do\u00e7. Dr. \u00d6zlem Ta\u015fo\u011flu \u00dcye: Prof. Dr. R\u0131dvan Alaca \u00dcye: Prof. Dr. Belgin Erhan \u00dcye: Do\u00e7. Dr. \u0130brahim G\u00fcndo\u011fdu DENET\u0130M KURULU (AS\u0130L) Ne\u015fe \u00d6zgirgin G\u00fcl\u00fcmser Ayd\u0131n Canan \u00c7ulha Y\u00f6netim Kurulu (Yedek) G\u00fcl\u015fah Karata\u015f Berrin G\u00fcnd\u00fcz [&hellip;]<\/p>\n","protected":false},"author":1,"featured_media":0,"parent":7382,"menu_order":0,"comment_status":"closed","ping_status":"closed","template":"","meta":{"footnotes":""},"class_list":["post-7386","page","type-page","status-publish","hentry"],"_links":{"self":[{"href":"https:\/\/omurilik.org.tr\/index.php\/wp-json\/wp\/v2\/pages\/7386","targetHints":{"allow":["GET"]}}],"collection":[{"href":"https:\/\/omurilik.org.tr\/index.php\/wp-json\/wp\/v2\/pages"}],"about":[{"href":"https:\/\/omurilik.org.tr\/index.php\/wp-json\/wp\/v2\/types\/page"}],"author":[{"embeddable":true,"href":"https:\/\/omurilik.org.tr\/index.php\/wp-json\/wp\/v2\/users\/1"}],"replies":[{"embeddable":true,"href":"https:\/\/omurilik.org.tr\/index.php\/wp-json\/wp\/v2\/comments?post=7386"}],"version-history":[{"count":2,"href":"https:\/\/omurilik.org.tr\/index.php\/wp-json\/wp\/v2\/pages\/7386\/revisions"}],"predecessor-version":[{"id":7467,"href":"https:\/\/omurilik.org.tr\/index.php\/wp-json\/wp\/v2\/pages\/7386\/revisions\/7467"}],"up":[{"embeddable":true,"href":"https:\/\/omurilik.org.tr\/index.php\/wp-json\/wp\/v2\/pages\/7382"}],"wp:attachment":[{"href":"https:\/\/omurilik.org.tr\/index.php\/wp-json\/wp\/v2\/media?parent=7386"}],"curies":[{"name":"wp","href":"https:\/\/api.w.org\/{rel}","templated":true}]}}