{"id":7390,"date":"2023-01-14T08:09:04","date_gmt":"2023-01-14T08:09:04","guid":{"rendered":"https:\/\/omurilik.org.tr\/?page_id=7390"},"modified":"2023-01-14T09:05:49","modified_gmt":"2023-01-14T09:05:49","slug":"dernek-uyeligi","status":"publish","type":"page","link":"https:\/\/omurilik.org.tr\/index.php\/kurumsal\/dernek-uyeligi\/","title":{"rendered":"Dernek \u00dcyeli\u011fi"},"content":{"rendered":"<p><strong>\u00dcYEL\u0130K BA\u015eVURUSU<\/strong><\/p>\n<p>\u00dcyelik ba\u015fvurusu formu\u00a0<a href=\"http:\/\/web.archive.org\/web\/20211022212712\/http:\/\/www.omurilik.org.tr\/wp-content\/uploads\/ohduyelikformu.docx\" target=\"_blank\" rel=\"noopener\"><strong>word<\/strong><\/a>\u00a0veya\u00a0<a href=\"http:\/\/web.archive.org\/web\/20211022212712\/http:\/\/www.omurilik.org.tr\/wp-content\/uploads\/ohduyelikformu.pdf\" target=\"_blank\" rel=\"noopener\"><strong>pdf<\/strong><\/a>\u00a0belgelerini ilgili yerlerdeki linklere t\u0131klayarak bilgisayar\u0131n\u0131za indirebilirsiniz.<\/p>\n<p>\u00dcyelik ba\u015fvuru formunu doldurup, 1 adet vesikal\u0131k foto\u011fraf ile birlikte dernek adresine g\u00f6nderiniz.<\/p>\n<p>Dernek Adres: Me\u015frutiyet Mah. Karanfil Sok. No:30 \/10 K\u0131z\u0131lay-Ankara<\/p>\n<p>\u00dcyelik giri\u015f aidat\u0131: 15 TL<\/p>\n<p>Y\u0131ll\u0131k \u00dcyelik aidat\u0131: 10 TL<\/p>\n<div class=\"col-xs-12 text-right\"><a class=\"btn btn-success\" href=\"http:\/\/web.archive.org\/web\/20211022212712\/http:\/\/www.omurilik.org.tr\/wp-content\/uploads\/ohduyelikformu.docx\" target=\"_blank\" rel=\"noopener\"><i class=\"fa fa-file-word-o fa-lg\"><\/i>\u00a0\u00dcyelik Formu (Word)<\/a><\/div>\n<div class=\"col-xs-12 text-left\"><a class=\"btn btn-success\" href=\"http:\/\/web.archive.org\/web\/20211022212712\/http:\/\/www.omurilik.org.tr\/wp-content\/uploads\/ohduyelikformu.pdf\" target=\"_blank\" rel=\"noopener\"><i class=\"fa fa-file-pdf-o fa-lg\"><\/i>\u00a0\u00dcyelik Formu (PDF)<\/a><\/div>\n<p>&nbsp;<\/p>\n<p><strong>DERNE\u011eE \u00dcYE OLMA VE \u00dcYEL\u0130K \u0130\u015eLEMLER\u0130:<\/strong><\/p>\n<p>Fiil ehliyetine sahip bulunan ve derne\u011fin ama\u00e7 ve ilkelerini benimseyerek bu do\u011frultuda \u00e7al\u0131\u015fmay\u0131 kabul eden ve mevzuat\u0131n \u00f6ng\u00f6rd\u00fc\u011f\u00fc ko\u015fullar\u0131n\u0131 ta\u015f\u0131yan her ger\u00e7ek ve t\u00fczel ki\u015fi bu derne\u011fe \u00fcye olma hakk\u0131na sahiptir. Ancak, yabanc\u0131 ger\u00e7ek ki\u015filerin \u00fcye olabilmesi i\u00e7in T\u00fcrkiye\u2019de yerle\u015fme hakk\u0131na sahip olmas\u0131 da gerekir. Onursal \u00fcyelik i\u00e7in bu ko\u015ful aranmaz.<\/p>\n<p>Dernek ba\u015fkanl\u0131\u011f\u0131na yaz\u0131l\u0131 olarak yap\u0131lacak \u00fcyelik ba\u015fvurusu, dernek y\u00f6netim kurulunca en \u00e7ok otuz g\u00fcn i\u00e7inde \u00fcyeli\u011fe kabul veya iste\u011fin reddi \u015feklinde karara ba\u011flan\u0131r ve sonu\u00e7 yaz\u0131yla ba\u015fvuru sahibine bildirilir. Ba\u015fvurusu kabul edilen \u00fcye, bu ama\u00e7la tutulacak deftere kaydedilir.<\/p>\n<p>Derne\u011fin as\u0131l \u00fcyeleri, derne\u011fin\u00a0 kurucular\u0131 ile m\u00fcracaatlar\u0131 \u00fczerine y\u00f6netim kurulunca \u00fcyeli\u011fe kabul edilen ki\u015filerdir.<\/p>\n<p>As\u0131l \u00dcyeler: Omurilik yaralanmas\u0131 rehabilitasyonu ile ilgilenen her t\u0131p doktoru ve di\u011fer sa\u011fl\u0131k personeli (hem\u015fire, fizyoterapist, me\u015fguliyet terapisti, psikolog, sosyal hizmet uzman\u0131 vb) y\u00f6netim kurulu karar\u0131 ile as\u0131l \u00fcyeli\u011fe se\u00e7ilebilir.<\/p>\n<p>Derne\u011fe maddi ve manevi bak\u0131mdan \u00f6nemli destek sa\u011flam\u0131\u015f bulunanlar veya \u00e7al\u0131\u015fmalar\u0131 ile derne\u011fin amac\u0131n\u0131n yerine getirilmesinde yard\u0131mlar\u0131 dokunan y\u00f6netim kurulu karar\u0131 ile onursal \u00fcye olarak kabul edilebilir.<\/p>\n<p><strong>\u00dcYEL\u0130KTEN \u00c7IKMA:<\/strong><\/p>\n<p>Her \u00fcye yaz\u0131l\u0131 olarak bildirmek kayd\u0131yla, dernekten \u00e7\u0131kma hakk\u0131na sahiptir.<br \/>\n\u00dcyenin istifa dilek\u00e7esi y\u00f6netim kuruluna ula\u015ft\u0131\u011f\u0131 anda \u00e7\u0131k\u0131\u015f i\u015flemleri sonu\u00e7lanm\u0131\u015f say\u0131l\u0131r. \u00dcyelikten ayr\u0131lma, \u00fcyenin derne\u011fe olan birikmi\u015f bor\u00e7lar\u0131n\u0131 sona erdirmez.<\/p>\n<p><strong>\u00dcYEL\u0130KTEN \u00c7IKARILMA:<\/strong><\/p>\n<p>Dernek \u00fcyeli\u011finden \u00e7\u0131kar\u0131lmay\u0131 gerektiren haller.<\/p>\n<ul>\n<li>Dernek t\u00fcz\u00fc\u011f\u00fcne ayk\u0131r\u0131 davran\u0131\u015flarda bulunmak,<\/li>\n<li>Verilen g\u00f6revlerden s\u00fcrekli ka\u00e7\u0131nmak,<\/li>\n<li>Yaz\u0131l\u0131 ikazlara ra\u011fmen \u00fcyelik aidat\u0131n\u0131 alt\u0131 ay i\u00e7inde \u00f6dememek,<\/li>\n<li>Dernek organlar\u0131nca verilen kararlara uymamak.<\/li>\n<li>\u00dcye olma \u015fartlar\u0131n\u0131 kaybetmi\u015f olmak,<\/li>\n<li>\u00dcyelik dilek\u00e7esi ve \u00fcyelik bilgi formunda\u00a0 ger\u00e7e\u011fe uymayan beyanda bulunma,<\/li>\n<li>Dernekler kanununda belirtilen sebeplerle derne\u011fe \u00fcye olamayacaklar\u0131n dernekle olan ili\u015fkileri kesilir ve kay\u0131tlar\u0131 y\u00f6netim kurulunca silinir.<\/li>\n<li>S\u00f6z ve\/veya yaz\u0131 ile derne\u011fi, toplum \u00f6n\u00fcnde haks\u0131z olarak k\u00fc\u00e7\u00fck d\u00fc\u015f\u00fcr\u00fcc\u00fc as\u0131ls\u0131z haber ve fikir yayan derne\u011fin konu ve amac\u0131na ayk\u0131r\u0131 olarak mesle\u011finin de\u011ferine g\u00f6lge d\u00fc\u015f\u00fcrecek faaliyetlerde bulunan \u00fcyeler dernek \u00fcyelerinin 1\/5\u2019nin teklifi ve genel kurulun onay\u0131 ile \u00fcyelikten \u00e7\u0131kar\u0131l\u0131rlar.<\/li>\n<li>\u00dcyenin vefat\u0131<\/li>\n<li>Dernek kararlar\u0131na uymamak, derne\u011fin amac\u0131na ve t\u00fcz\u00fck h\u00fck\u00fcmlerine ayk\u0131r\u0131 hareketlerde bulunmak ya da\u00a0y\u00f6netim kurulunca kabul edilebilir bir mazeret bildirmeden ardarda \u00fc\u00e7 genel kurul toplant\u0131s\u0131na kat\u0131lmayanlar<br \/>\nYukar\u0131da say\u0131lan durumlardan birinin tespiti halinde y\u00f6netim kurulu karar\u0131 ile \u00fcyelikten \u00e7\u0131kar\u0131l\u0131r.<br \/>\nDernekten \u00e7\u0131kan veya \u00e7\u0131kar\u0131lanlar, \u00fcye kay\u0131t defterinden silinir ve dernek malvarl\u0131\u011f\u0131nda hak iddia edemez.<\/li>\n<\/ul>\n","protected":false},"excerpt":{"rendered":"<p>\u00dcYEL\u0130K BA\u015eVURUSU \u00dcyelik ba\u015fvurusu formu\u00a0word\u00a0veya\u00a0pdf\u00a0belgelerini ilgili yerlerdeki linklere t\u0131klayarak bilgisayar\u0131n\u0131za indirebilirsiniz. \u00dcyelik ba\u015fvuru formunu doldurup, 1 adet vesikal\u0131k foto\u011fraf ile birlikte dernek adresine g\u00f6nderiniz. Dernek Adres: Me\u015frutiyet Mah. Karanfil Sok. No:30 \/10 K\u0131z\u0131lay-Ankara \u00dcyelik giri\u015f aidat\u0131: 15 TL Y\u0131ll\u0131k \u00dcyelik aidat\u0131: 10 TL \u00a0\u00dcyelik Formu (Word) \u00a0\u00dcyelik Formu (PDF) &nbsp; DERNE\u011eE \u00dcYE OLMA VE \u00dcYEL\u0130K [&hellip;]<\/p>\n","protected":false},"author":1,"featured_media":0,"parent":7382,"menu_order":0,"comment_status":"closed","ping_status":"closed","template":"","meta":{"footnotes":""},"class_list":["post-7390","page","type-page","status-publish","hentry"],"_links":{"self":[{"href":"https:\/\/omurilik.org.tr\/index.php\/wp-json\/wp\/v2\/pages\/7390","targetHints":{"allow":["GET"]}}],"collection":[{"href":"https:\/\/omurilik.org.tr\/index.php\/wp-json\/wp\/v2\/pages"}],"about":[{"href":"https:\/\/omurilik.org.tr\/index.php\/wp-json\/wp\/v2\/types\/page"}],"author":[{"embeddable":true,"href":"https:\/\/omurilik.org.tr\/index.php\/wp-json\/wp\/v2\/users\/1"}],"replies":[{"embeddable":true,"href":"https:\/\/omurilik.org.tr\/index.php\/wp-json\/wp\/v2\/comments?post=7390"}],"version-history":[{"count":2,"href":"https:\/\/omurilik.org.tr\/index.php\/wp-json\/wp\/v2\/pages\/7390\/revisions"}],"predecessor-version":[{"id":7470,"href":"https:\/\/omurilik.org.tr\/index.php\/wp-json\/wp\/v2\/pages\/7390\/revisions\/7470"}],"up":[{"embeddable":true,"href":"https:\/\/omurilik.org.tr\/index.php\/wp-json\/wp\/v2\/pages\/7382"}],"wp:attachment":[{"href":"https:\/\/omurilik.org.tr\/index.php\/wp-json\/wp\/v2\/media?parent=7390"}],"curies":[{"name":"wp","href":"https:\/\/api.w.org\/{rel}","templated":true}]}}