{"id":7396,"date":"2023-01-14T08:09:58","date_gmt":"2023-01-14T08:09:58","guid":{"rendered":"https:\/\/omurilik.org.tr\/?page_id=7396"},"modified":"2023-01-14T08:09:58","modified_gmt":"2023-01-14T08:09:58","slug":"prof-dr-isik-keles-anisina","status":"publish","type":"page","link":"https:\/\/omurilik.org.tr\/index.php\/kurumsal\/prof-dr-isik-keles-anisina\/","title":{"rendered":"Prof. Dr. I\u015f\u0131k Kele\u015f An\u0131s\u0131na"},"content":{"rendered":"","protected":false},"excerpt":{"rendered":"","protected":false},"author":1,"featured_media":0,"parent":7382,"menu_order":0,"comment_status":"closed","ping_status":"closed","template":"","meta":{"footnotes":""},"class_list":["post-7396","page","type-page","status-publish","hentry"],"_links":{"self":[{"href":"https:\/\/omurilik.org.tr\/index.php\/wp-json\/wp\/v2\/pages\/7396","targetHints":{"allow":["GET"]}}],"collection":[{"href":"https:\/\/omurilik.org.tr\/index.php\/wp-json\/wp\/v2\/pages"}],"about":[{"href":"https:\/\/omurilik.org.tr\/index.php\/wp-json\/wp\/v2\/types\/page"}],"author":[{"embeddable":true,"href":"https:\/\/omurilik.org.tr\/index.php\/wp-json\/wp\/v2\/users\/1"}],"replies":[{"embeddable":true,"href":"https:\/\/omurilik.org.tr\/index.php\/wp-json\/wp\/v2\/comments?post=7396"}],"version-history":[{"count":1,"href":"https:\/\/omurilik.org.tr\/index.php\/wp-json\/wp\/v2\/pages\/7396\/revisions"}],"predecessor-version":[{"id":7397,"href":"https:\/\/omurilik.org.tr\/index.php\/wp-json\/wp\/v2\/pages\/7396\/revisions\/7397"}],"up":[{"embeddable":true,"href":"https:\/\/omurilik.org.tr\/index.php\/wp-json\/wp\/v2\/pages\/7382"}],"wp:attachment":[{"href":"https:\/\/omurilik.org.tr\/index.php\/wp-json\/wp\/v2\/media?parent=7396"}],"curies":[{"name":"wp","href":"https:\/\/api.w.org\/{rel}","templated":true}]}}