{"id":7402,"date":"2023-01-14T08:10:45","date_gmt":"2023-01-14T08:10:45","guid":{"rendered":"https:\/\/omurilik.org.tr\/?page_id=7402"},"modified":"2026-04-21T10:14:48","modified_gmt":"2026-04-21T10:14:48","slug":"gelecek-etkinlikler","status":"publish","type":"page","link":"https:\/\/omurilik.org.tr\/index.php\/etkinlikler\/gelecek-etkinlikler\/","title":{"rendered":"Gelecek Etkinlikler"},"content":{"rendered":"\t\t<div data-elementor-type=\"wp-page\" data-elementor-id=\"7402\" class=\"elementor elementor-7402\">\n\t\t\t\t\t\t\t        <section class=\"elementor-section elementor-top-section elementor-element elementor-element-6e07718 elementor-section-boxed elementor-section-height-default elementor-section-height-default ct-header-fixed-none ct-column-none ct-row-scroll-none ct-row-gradient--none\" data-id=\"6e07718\" data-element_type=\"section\">\n            \n                        <div class=\"elementor-container elementor-column-gap-extended \">\n                    <div class=\"elementor-column elementor-col-100 elementor-top-column elementor-element elementor-element-8289972 ct-column-none col-offset-none\" data-id=\"8289972\" data-element_type=\"column\">\n            <div class=\"elementor-widget-wrap elementor-element-populated\">\n                                <section class=\"elementor-section elementor-inner-section elementor-element elementor-element-c4eb329 elementor-section-content-middle elementor-section-boxed elementor-section-height-default elementor-section-height-default ct-header-fixed-none ct-column-none ct-row-scroll-none ct-row-gradient--none\" data-id=\"c4eb329\" data-element_type=\"section\">\n            \n                        <div class=\"elementor-container elementor-column-gap-extended \">\n                    <div class=\"elementor-column elementor-col-50 elementor-inner-column elementor-element elementor-element-7270139 ct-column-none col-offset-none\" data-id=\"7270139\" data-element_type=\"column\">\n            <div class=\"elementor-widget-wrap elementor-element-populated\">\n                        \t\t<div class=\"elementor-element elementor-element-142cd0e elementor-widget elementor-widget-ct_heading\" data-id=\"142cd0e\" data-element_type=\"widget\" data-widget_type=\"ct_heading.default\">\n\t\t\t\t<div class=\"elementor-widget-container\">\n\t\t\t<div id=\"ct_heading-142cd0e\" class=\"ct-heading h-align- item-st-default highlight-style1\">\r\n    <div class=\"ct-inline-css\"  data-css=\"\r\n                            #ct_heading-142cd0e.ct-heading .item--sub-title span {\r\n                background-image: -webkit-gradient(linear, left top, left bottom, from(#7114EF), to(#1475F7));\r\n                background-image: -webkit-linear-gradient(to left, #7114EF, #1475F7);\r\n                background-image: -moz-linear-gradient(to left, #7114EF, #1475F7);\r\n                background-image: -ms-linear-gradient(to left, #7114EF, #1475F7);\r\n                background-image: -o-linear-gradient(to left, #7114EF, #1475F7);\r\n                background-image: linear-gradient(to left, #7114EF, #1475F7);\r\n                filter: progid:DXImageTransform.Microsoft.gradient(startColorStr='#7114EF', endColorStr='#1475F7');\r\n                background-color: transparent;\r\n                background-clip: text;\r\n                -o-background-clip: text;\r\n                -ms-background-clip: text;\r\n                -moz-background-clip: text;\r\n                -webkit-background-clip: text;\r\n                text-fill-color: transparent;\r\n                -o-text-fill-color: transparent;\r\n                -ms-text-fill-color: transparent;\r\n                -moz-text-fill-color: transparent;\r\n                -webkit-text-fill-color: transparent;\r\n            }\r\n                        \">\r\n    <\/div>\r\n      <div class=\"item--text-below\">\r\n      <div class=\"ct-inline-css\"  data-css=\"\r\n        \">\r\n      <\/div>\r\n          <\/div>\r\n  \r\n\t\t\t<div class=\"item--sub-title style-box-gr wow fadeInUp\" data-wow-delay=\"ms\">\r\n                        <span>\r\n                OMUR\u0130L\u0130K HASTALIKLARI DERNE\u011e\u0130            <\/span>\r\n                    <\/div>\r\n\t    <h3 class=\"item--title st-default wow fadeInUp\" data-wow-delay=\"ms\">\r\n        <span class=\"ct-text-inner\">Etkinlikler<\/span>    <\/h3>\r\n<\/div>\r\n\t\t<\/div>\n\t\t\t\t<\/div>\n\t\t            <\/div>\n        <\/div>\n                <div class=\"elementor-column elementor-col-50 elementor-inner-column elementor-element elementor-element-b95a8bf ct-column-none col-offset-none\" data-id=\"b95a8bf\" data-element_type=\"column\">\n            <div class=\"elementor-widget-wrap elementor-element-populated\">\n                        \t\t<div class=\"elementor-element elementor-element-1b66350 elementor-invisible elementor-widget elementor-widget-ct_carousel_arrow\" data-id=\"1b66350\" data-element_type=\"widget\" data-settings=\"{&quot;_animation&quot;:&quot;fadeInUp&quot;}\" data-widget_type=\"ct_carousel_arrow.default\">\n\t\t\t\t<div class=\"elementor-widget-container\">\n\t\t\t<div class=\"ct-nav-carousel style1\">\r\n    <div class=\"nav-slick nav-prev\"><i class=\"caseicon-angle-arrow-left pxl-rtl-icon\"><\/i><\/div>\r\n    <div class=\"nav-slick nav-next\"><i class=\"caseicon-angle-arrow-right pxl-rtl-icon\"><\/i><\/div>\r\n<\/div>\t\t<\/div>\n\t\t\t\t<\/div>\n\t\t            <\/div>\n        <\/div>\n                            <\/div>\n        <\/section>\n        \t\t<div class=\"elementor-element elementor-element-5611be0 elementor-widget elementor-widget-ct_blog_carousel\" data-id=\"5611be0\" data-element_type=\"widget\" data-widget_type=\"ct_blog_carousel.default\">\n\t\t\t\t<div class=\"elementor-widget-container\">\n\t\t\t<div id=\"ct_blog_carousel-5611be0\" class=\"ct-blog-carousel-layout1 ct-slick-slider\">\r\n    <div class=\"ct-carousel-inner\">\r\n        <div class=\"ct-slick-carousel slick-shadow\" data-arrows=\"true\" data-dots=\"false\" data-pauseOnHover=\"true\" data-autoplay=\"false\" data-autoplaySpeed=\"5000\" data-infinite=\"true\" data-speed=\"500\" data-dir=\"false\" data-colxs=\"1\" data-colsm=\"2\" data-colmd=\"2\" data-collg=\"3\" data-colxl=\"3\" data-slidesToScroll=\"1\">\r\n\r\n                    <div class=\"carousel-item slick-slide\">\r\n                <div class=\"grid-item-inner wow fadeInUp\">\r\n                    <div class=\"item--featured\">\r\n                        <a href=\"https:\/\/omurilik.org.tr\/index.php\/2026\/04\/21\/bilimsel-toplanti-omurilik-yaralanmasi-rehabilitasyonu-2\/\"><img decoding=\"async\" class=\"\" src=\"https:\/\/omurilik.org.tr\/wp-content\/uploads\/2023\/01\/i.webp\" width=\"480\" height=\"280\" alt=\"i\" title=\"i\" \/><\/a>\r\n                    <\/div>\r\n                    <div class=\"item--holder item--main\">\r\n                                                    <ul class=\"item--meta\">\r\n                                                                    <li class=\"item-date\"><i class=\"caseicon-calendar\"><\/i>Nisan 21, 2026<\/li>\r\n                                                                                            <\/ul>\r\n                                                <h3 class=\"item--title\"><a href=\"https:\/\/omurilik.org.tr\/index.php\/2026\/04\/21\/bilimsel-toplanti-omurilik-yaralanmasi-rehabilitasyonu-2\/\">B\u0130L\u0130MSEL TOPLANTI  OMUR\u0130L\u0130K YARALANMASI REHAB\u0130L\u0130TASYONU<\/a><\/h3>\r\n                    <\/div>\r\n                    <div class=\"item--holder item--hover\">\r\n                        <h3 class=\"item--title\"><a href=\"https:\/\/omurilik.org.tr\/index.php\/2026\/04\/21\/bilimsel-toplanti-omurilik-yaralanmasi-rehabilitasyonu-2\/\">B\u0130L\u0130MSEL TOPLANTI  OMUR\u0130L\u0130K YARALANMASI REHAB\u0130L\u0130TASYONU<\/a><\/h3>\r\n                                                    <div class=\"item--content\">\r\n                                                            <\/div>\r\n                                                                            <div class=\"item--readmore\">\r\n                                <a class=\"btn btn-primary\" href=\"https:\/\/omurilik.org.tr\/index.php\/2026\/04\/21\/bilimsel-toplanti-omurilik-yaralanmasi-rehabilitasyonu-2\/\">\r\n                                    <span>Detayl\u0131 Bilgi<\/span>\r\n                                    <i class=\"caseicon-angle-arrow-right\"><\/i>\r\n                                <\/a>\r\n                            <\/div>\r\n                                            <\/div>\r\n                <\/div>\r\n            <\/div>\r\n                    <\/div>\r\n    <\/div>\r\n<\/div>\r\n\t\t<\/div>\n\t\t\t\t<\/div>\n\t\t            <\/div>\n        <\/div>\n                            <\/div>\n        <\/section>\n        \t\t\t\t\t<\/div>\n\t\t","protected":false},"excerpt":{"rendered":"<p>OMUR\u0130L\u0130K HASTALIKLARI DERNE\u011e\u0130 Etkinlikler Nisan 21, 2026 B\u0130L\u0130MSEL TOPLANTI OMUR\u0130L\u0130K YARALANMASI REHAB\u0130L\u0130TASYONU B\u0130L\u0130MSEL TOPLANTI OMUR\u0130L\u0130K YARALANMASI REHAB\u0130L\u0130TASYONU Detayl\u0131 Bilgi Mart 25, 2026 B\u0130L\u0130MSEL TOPLANTI &#8211; OMUR\u0130L\u0130K YARALANMASI REHAB\u0130L\u0130TASYONU B\u0130L\u0130MSEL TOPLANTI &#8211; OMUR\u0130L\u0130K YARALANMASI REHAB\u0130L\u0130TASYONU Detayl\u0131 Bilgi<\/p>\n","protected":false},"author":1,"featured_media":0,"parent":7400,"menu_order":0,"comment_status":"closed","ping_status":"closed","template":"","meta":{"footnotes":""},"class_list":["post-7402","page","type-page","status-publish","hentry"],"_links":{"self":[{"href":"https:\/\/omurilik.org.tr\/index.php\/wp-json\/wp\/v2\/pages\/7402","targetHints":{"allow":["GET"]}}],"collection":[{"href":"https:\/\/omurilik.org.tr\/index.php\/wp-json\/wp\/v2\/pages"}],"about":[{"href":"https:\/\/omurilik.org.tr\/index.php\/wp-json\/wp\/v2\/types\/page"}],"author":[{"embeddable":true,"href":"https:\/\/omurilik.org.tr\/index.php\/wp-json\/wp\/v2\/users\/1"}],"replies":[{"embeddable":true,"href":"https:\/\/omurilik.org.tr\/index.php\/wp-json\/wp\/v2\/comments?post=7402"}],"version-history":[{"count":4,"href":"https:\/\/omurilik.org.tr\/index.php\/wp-json\/wp\/v2\/pages\/7402\/revisions"}],"predecessor-version":[{"id":7630,"href":"https:\/\/omurilik.org.tr\/index.php\/wp-json\/wp\/v2\/pages\/7402\/revisions\/7630"}],"up":[{"embeddable":true,"href":"https:\/\/omurilik.org.tr\/index.php\/wp-json\/wp\/v2\/pages\/7400"}],"wp:attachment":[{"href":"https:\/\/omurilik.org.tr\/index.php\/wp-json\/wp\/v2\/media?parent=7402"}],"curies":[{"name":"wp","href":"https:\/\/api.w.org\/{rel}","templated":true}]}}