{"id":7404,"date":"2023-01-14T08:11:04","date_gmt":"2023-01-14T08:11:04","guid":{"rendered":"https:\/\/omurilik.org.tr\/?page_id=7404"},"modified":"2025-10-24T17:30:34","modified_gmt":"2025-10-24T17:30:34","slug":"gecmis-etkinlikler","status":"publish","type":"page","link":"https:\/\/omurilik.org.tr\/index.php\/etkinlikler\/gecmis-etkinlikler\/","title":{"rendered":"Ge\u00e7mi\u015f Etkinlikler"},"content":{"rendered":"\t\t<div data-elementor-type=\"wp-page\" data-elementor-id=\"7404\" class=\"elementor elementor-7404\">\n\t\t\t\t\t\t\t        <section class=\"elementor-section elementor-top-section elementor-element elementor-element-7d09bd65 elementor-section-boxed elementor-section-height-default elementor-section-height-default ct-header-fixed-none ct-column-none ct-row-scroll-none ct-row-gradient--none\" data-id=\"7d09bd65\" data-element_type=\"section\">\n            \n                        <div class=\"elementor-container elementor-column-gap-default \">\n                    <div class=\"elementor-column elementor-col-100 elementor-top-column elementor-element elementor-element-15ddb367 ct-column-none col-offset-none\" data-id=\"15ddb367\" data-element_type=\"column\">\n            <div class=\"elementor-widget-wrap elementor-element-populated\">\n                        \t\t<div class=\"elementor-element elementor-element-2cc71103 elementor-widget elementor-widget-text-editor\" data-id=\"2cc71103\" data-element_type=\"widget\" data-widget_type=\"text-editor.default\">\n\t\t\t\t<div class=\"elementor-widget-container\">\n\t\t\t<style>\/*! elementor - v3.10.0 - 09-01-2023 *\/\n.elementor-widget-text-editor.elementor-drop-cap-view-stacked .elementor-drop-cap{background-color:#818a91;color:#fff}.elementor-widget-text-editor.elementor-drop-cap-view-framed .elementor-drop-cap{color:#818a91;border:3px solid;background-color:transparent}.elementor-widget-text-editor:not(.elementor-drop-cap-view-default) .elementor-drop-cap{margin-top:8px}.elementor-widget-text-editor:not(.elementor-drop-cap-view-default) .elementor-drop-cap-letter{width:1em;height:1em}.elementor-widget-text-editor .elementor-drop-cap{float:left;text-align:center;line-height:1;font-size:50px}.elementor-widget-text-editor .elementor-drop-cap-letter{display:inline-block}<\/style>\t\t\t\t<p>5 Eyl\u00fcl D\u00fcnya Omurilik Yaralanmas\u0131 G\u00fcn\u00fc m\u00fcnasebetiyle omurilik yaralanmalar\u0131n\u0131n fark\u0131ndal\u0131\u011f\u0131n\u0131 art\u0131rmak amac\u0131yla\u00a0 Gaziler Fizik Tedavi ve Rehabilitasyon E\u011fitim ve Ara\u015ft\u0131rma Hastanesinde etkinlik d\u00fczenlendi. Etkinli\u011fimiz, Sayg\u0131 Duru\u015fu ve \u0130stiklal Mar\u015f\u0131m\u0131z\u0131n okunmas\u0131n\u0131n ard\u0131ndan, Omurilik Hastal\u0131klar\u0131 Derne\u011fi Ba\u015fkan\u0131m\u0131z Prof. Dr. Sn. M\u00fcfit AKY\u00dcZ ve Prof. Dr. Sn. Engin KOYUNCU&#8217;nun\u00a0 a\u00e7\u0131l\u0131\u015f konu\u015fmalar\u0131 ile ba\u015flad\u0131. Toplant\u0131, Do\u00e7. Dr. Sn. Fatma \u00d6ZCAN\u2019\u0131n \u201cOmurilik Yaralanmas\u0131n\u0131n Nedeni Olarak D\u00fc\u015fme\u201d konulu sunumunun ard\u0131ndan, Do\u00e7. Dr. Sn. Merve \u00d6r\u00fcc\u00fc ATAR\u2019\u0131n \u201cOmurilik Yaralanmal\u0131 Bireylerde Osteoporoz\u201d konulu sunumu ile devam etti. Tart\u0131\u015fma b\u00f6l\u00fcm\u00fcn\u00fc y\u00f6neten Gaziler Fizik Tedavi ve Rehabilitasyon E\u011fitim ve Ara\u015ft\u0131rma Hastanesi Omurilik Hasar\u0131 B\u00f6l\u00fcm\u00fc Sorumlusu Prof. Dr. Sn. Bilge YILMAZ kat\u0131l\u0131mc\u0131lara s\u00f6z verdi. Konu\u015fmalar\u0131 ve g\u00f6sterileriyle etkinli\u011fimize renk ve anlam katan T\u00fcrkiye Karate Federasyonu Para Karate Milli Sporcular\u0131 Sn. Nesrin CAVADZADE ve Sn. Oya EK\u0130C\u0130 ile antren\u00f6rleri Sn. Yasin \u00c7ET\u0130NTA\u015e\u2019a g\u00fcn\u00fcn an\u0131s\u0131na ebru \u00e7al\u0131\u015fmas\u0131 takdim edildi.<br \/>Etkinlik kapsam\u0131nda,\u00a0Hastanemiz tartan pistinde omurilik hasar\u0131 b\u00f6l\u00fcm\u00fcm\u00fczde tedavi g\u00f6ren hastalar\u0131m\u0131z ve asistan hekimlerimizin kat\u0131l\u0131mlar\u0131yla \u00a0\u201cG\u00fc\u00e7 Kollarda, Zafer Y\u00fcrekte\u201d slogan\u0131 ile tekerlekli sandalye yar\u0131\u015f\u0131 d\u00fczenlendi. Keyifli anlar\u0131n ya\u015fand\u0131\u011f\u0131 yar\u0131\u015fmada derece yapan yar\u0131\u015fmac\u0131lar\u0131m\u0131za plaket takdim edildi.<\/p><p><img decoding=\"async\" class=\"size-medium wp-image-7561 alignnone\" src=\"https:\/\/omurilik.org.tr\/wp-content\/uploads\/2025\/10\/5eylul14jpg-300x169.jpg\" alt=\"\" width=\"300\" height=\"169\" srcset=\"https:\/\/omurilik.org.tr\/wp-content\/uploads\/2025\/10\/5eylul14jpg-300x169.jpg 300w, https:\/\/omurilik.org.tr\/wp-content\/uploads\/2025\/10\/5eylul14jpg-768x432.jpg 768w, https:\/\/omurilik.org.tr\/wp-content\/uploads\/2025\/10\/5eylul14jpg-600x338.jpg 600w, https:\/\/omurilik.org.tr\/wp-content\/uploads\/2025\/10\/5eylul14jpg.jpg 1000w\" sizes=\"(max-width: 300px) 100vw, 300px\" \/><img decoding=\"async\" class=\"alignnone size-medium wp-image-7562\" src=\"https:\/\/omurilik.org.tr\/wp-content\/uploads\/2025\/10\/5eylul19jpg-300x169.jpg\" alt=\"\" width=\"300\" height=\"169\" srcset=\"https:\/\/omurilik.org.tr\/wp-content\/uploads\/2025\/10\/5eylul19jpg-300x169.jpg 300w, https:\/\/omurilik.org.tr\/wp-content\/uploads\/2025\/10\/5eylul19jpg-768x432.jpg 768w, https:\/\/omurilik.org.tr\/wp-content\/uploads\/2025\/10\/5eylul19jpg-600x338.jpg 600w, https:\/\/omurilik.org.tr\/wp-content\/uploads\/2025\/10\/5eylul19jpg.jpg 1000w\" sizes=\"(max-width: 300px) 100vw, 300px\" \/> <img decoding=\"async\" class=\"alignnone size-medium wp-image-7563\" src=\"https:\/\/omurilik.org.tr\/wp-content\/uploads\/2025\/10\/5eylul28jpg-300x169.jpg\" alt=\"\" width=\"300\" height=\"169\" srcset=\"https:\/\/omurilik.org.tr\/wp-content\/uploads\/2025\/10\/5eylul28jpg-300x169.jpg 300w, https:\/\/omurilik.org.tr\/wp-content\/uploads\/2025\/10\/5eylul28jpg-768x432.jpg 768w, https:\/\/omurilik.org.tr\/wp-content\/uploads\/2025\/10\/5eylul28jpg-600x338.jpg 600w, https:\/\/omurilik.org.tr\/wp-content\/uploads\/2025\/10\/5eylul28jpg.jpg 1000w\" sizes=\"(max-width: 300px) 100vw, 300px\" \/> <img decoding=\"async\" class=\"alignnone size-medium wp-image-7564\" src=\"https:\/\/omurilik.org.tr\/wp-content\/uploads\/2025\/10\/5eylul15jpg-300x169.jpg\" alt=\"\" width=\"300\" height=\"169\" srcset=\"https:\/\/omurilik.org.tr\/wp-content\/uploads\/2025\/10\/5eylul15jpg-300x169.jpg 300w, https:\/\/omurilik.org.tr\/wp-content\/uploads\/2025\/10\/5eylul15jpg-768x432.jpg 768w, https:\/\/omurilik.org.tr\/wp-content\/uploads\/2025\/10\/5eylul15jpg-600x338.jpg 600w, https:\/\/omurilik.org.tr\/wp-content\/uploads\/2025\/10\/5eylul15jpg.jpg 1000w\" sizes=\"(max-width: 300px) 100vw, 300px\" \/> <img decoding=\"async\" class=\"alignnone size-medium wp-image-7565\" src=\"https:\/\/omurilik.org.tr\/wp-content\/uploads\/2025\/10\/5eylul26jpg-300x169.jpg\" alt=\"\" width=\"300\" height=\"169\" srcset=\"https:\/\/omurilik.org.tr\/wp-content\/uploads\/2025\/10\/5eylul26jpg-300x169.jpg 300w, https:\/\/omurilik.org.tr\/wp-content\/uploads\/2025\/10\/5eylul26jpg-768x432.jpg 768w, https:\/\/omurilik.org.tr\/wp-content\/uploads\/2025\/10\/5eylul26jpg-600x338.jpg 600w, https:\/\/omurilik.org.tr\/wp-content\/uploads\/2025\/10\/5eylul26jpg.jpg 1000w\" sizes=\"(max-width: 300px) 100vw, 300px\" \/> <img decoding=\"async\" class=\"alignnone size-medium wp-image-7566\" src=\"https:\/\/omurilik.org.tr\/wp-content\/uploads\/2025\/10\/5eylul23jpg-300x169.jpg\" alt=\"\" width=\"300\" height=\"169\" srcset=\"https:\/\/omurilik.org.tr\/wp-content\/uploads\/2025\/10\/5eylul23jpg-300x169.jpg 300w, https:\/\/omurilik.org.tr\/wp-content\/uploads\/2025\/10\/5eylul23jpg-768x432.jpg 768w, https:\/\/omurilik.org.tr\/wp-content\/uploads\/2025\/10\/5eylul23jpg-600x338.jpg 600w, https:\/\/omurilik.org.tr\/wp-content\/uploads\/2025\/10\/5eylul23jpg.jpg 1000w\" sizes=\"(max-width: 300px) 100vw, 300px\" \/> <img decoding=\"async\" class=\"alignnone size-medium wp-image-7567\" src=\"https:\/\/omurilik.org.tr\/wp-content\/uploads\/2025\/10\/5eylul25jpg-300x169.jpg\" alt=\"\" width=\"300\" height=\"169\" srcset=\"https:\/\/omurilik.org.tr\/wp-content\/uploads\/2025\/10\/5eylul25jpg-300x169.jpg 300w, https:\/\/omurilik.org.tr\/wp-content\/uploads\/2025\/10\/5eylul25jpg-768x432.jpg 768w, https:\/\/omurilik.org.tr\/wp-content\/uploads\/2025\/10\/5eylul25jpg-600x338.jpg 600w, https:\/\/omurilik.org.tr\/wp-content\/uploads\/2025\/10\/5eylul25jpg.jpg 1000w\" sizes=\"(max-width: 300px) 100vw, 300px\" \/> <img decoding=\"async\" class=\"alignnone size-medium wp-image-7568\" src=\"https:\/\/omurilik.org.tr\/wp-content\/uploads\/2025\/10\/5eylul27jpg-300x169.jpg\" alt=\"\" width=\"300\" height=\"169\" srcset=\"https:\/\/omurilik.org.tr\/wp-content\/uploads\/2025\/10\/5eylul27jpg-300x169.jpg 300w, https:\/\/omurilik.org.tr\/wp-content\/uploads\/2025\/10\/5eylul27jpg-768x432.jpg 768w, https:\/\/omurilik.org.tr\/wp-content\/uploads\/2025\/10\/5eylul27jpg-600x338.jpg 600w, https:\/\/omurilik.org.tr\/wp-content\/uploads\/2025\/10\/5eylul27jpg.jpg 1000w\" sizes=\"(max-width: 300px) 100vw, 300px\" \/> <img decoding=\"async\" class=\"alignnone size-medium wp-image-7569\" src=\"https:\/\/omurilik.org.tr\/wp-content\/uploads\/2025\/10\/5eylul53jpg-300x169.jpg\" alt=\"\" width=\"300\" height=\"169\" srcset=\"https:\/\/omurilik.org.tr\/wp-content\/uploads\/2025\/10\/5eylul53jpg-300x169.jpg 300w, https:\/\/omurilik.org.tr\/wp-content\/uploads\/2025\/10\/5eylul53jpg-768x432.jpg 768w, https:\/\/omurilik.org.tr\/wp-content\/uploads\/2025\/10\/5eylul53jpg-600x338.jpg 600w, https:\/\/omurilik.org.tr\/wp-content\/uploads\/2025\/10\/5eylul53jpg.jpg 1000w\" sizes=\"(max-width: 300px) 100vw, 300px\" \/> <img decoding=\"async\" class=\"alignnone size-medium wp-image-7570\" src=\"https:\/\/omurilik.org.tr\/wp-content\/uploads\/2025\/10\/5eylul69jpg-300x169.jpg\" alt=\"\" width=\"300\" height=\"169\" srcset=\"https:\/\/omurilik.org.tr\/wp-content\/uploads\/2025\/10\/5eylul69jpg-300x169.jpg 300w, https:\/\/omurilik.org.tr\/wp-content\/uploads\/2025\/10\/5eylul69jpg-768x432.jpg 768w, https:\/\/omurilik.org.tr\/wp-content\/uploads\/2025\/10\/5eylul69jpg-600x338.jpg 600w, https:\/\/omurilik.org.tr\/wp-content\/uploads\/2025\/10\/5eylul69jpg.jpg 1000w\" sizes=\"(max-width: 300px) 100vw, 300px\" \/> <img decoding=\"async\" class=\"alignnone size-medium wp-image-7571\" src=\"https:\/\/omurilik.org.tr\/wp-content\/uploads\/2025\/10\/5eylul71jpg-300x169.jpg\" alt=\"\" width=\"300\" height=\"169\" srcset=\"https:\/\/omurilik.org.tr\/wp-content\/uploads\/2025\/10\/5eylul71jpg-300x169.jpg 300w, https:\/\/omurilik.org.tr\/wp-content\/uploads\/2025\/10\/5eylul71jpg-768x432.jpg 768w, https:\/\/omurilik.org.tr\/wp-content\/uploads\/2025\/10\/5eylul71jpg-600x338.jpg 600w, https:\/\/omurilik.org.tr\/wp-content\/uploads\/2025\/10\/5eylul71jpg.jpg 1000w\" sizes=\"(max-width: 300px) 100vw, 300px\" \/> <img decoding=\"async\" class=\"alignnone size-medium wp-image-7572\" src=\"https:\/\/omurilik.org.tr\/wp-content\/uploads\/2025\/10\/5eylul56jpg-300x169.jpg\" alt=\"\" width=\"300\" height=\"169\" srcset=\"https:\/\/omurilik.org.tr\/wp-content\/uploads\/2025\/10\/5eylul56jpg-300x169.jpg 300w, https:\/\/omurilik.org.tr\/wp-content\/uploads\/2025\/10\/5eylul56jpg-768x432.jpg 768w, https:\/\/omurilik.org.tr\/wp-content\/uploads\/2025\/10\/5eylul56jpg-600x338.jpg 600w, https:\/\/omurilik.org.tr\/wp-content\/uploads\/2025\/10\/5eylul56jpg.jpg 1000w\" sizes=\"(max-width: 300px) 100vw, 300px\" \/> <img decoding=\"async\" class=\"alignnone size-medium wp-image-7560\" src=\"https:\/\/omurilik.org.tr\/wp-content\/uploads\/2025\/10\/5eylul84jpg-300x169.jpg\" alt=\"\" width=\"300\" height=\"169\" srcset=\"https:\/\/omurilik.org.tr\/wp-content\/uploads\/2025\/10\/5eylul84jpg-300x169.jpg 300w, https:\/\/omurilik.org.tr\/wp-content\/uploads\/2025\/10\/5eylul84jpg-768x432.jpg 768w, https:\/\/omurilik.org.tr\/wp-content\/uploads\/2025\/10\/5eylul84jpg-600x338.jpg 600w, https:\/\/omurilik.org.tr\/wp-content\/uploads\/2025\/10\/5eylul84jpg.jpg 1000w\" sizes=\"(max-width: 300px) 100vw, 300px\" \/><\/p>\t\t\t\t\t\t<\/div>\n\t\t\t\t<\/div>\n\t\t            <\/div>\n        <\/div>\n                            <\/div>\n        <\/section>\n        \t\t\t\t\t<\/div>\n\t\t","protected":false},"excerpt":{"rendered":"<p>5 Eyl\u00fcl D\u00fcnya Omurilik Yaralanmas\u0131 G\u00fcn\u00fc m\u00fcnasebetiyle omurilik yaralanmalar\u0131n\u0131n fark\u0131ndal\u0131\u011f\u0131n\u0131 art\u0131rmak amac\u0131yla\u00a0 Gaziler Fizik Tedavi ve Rehabilitasyon E\u011fitim ve Ara\u015ft\u0131rma Hastanesinde etkinlik d\u00fczenlendi. Etkinli\u011fimiz, Sayg\u0131 Duru\u015fu ve \u0130stiklal Mar\u015f\u0131m\u0131z\u0131n okunmas\u0131n\u0131n ard\u0131ndan, Omurilik Hastal\u0131klar\u0131 Derne\u011fi Ba\u015fkan\u0131m\u0131z Prof. Dr. Sn. M\u00fcfit AKY\u00dcZ ve Prof. Dr. Sn. Engin KOYUNCU&#8217;nun\u00a0 a\u00e7\u0131l\u0131\u015f konu\u015fmalar\u0131 ile ba\u015flad\u0131. Toplant\u0131, Do\u00e7. Dr. Sn. Fatma [&hellip;]<\/p>\n","protected":false},"author":1,"featured_media":0,"parent":7400,"menu_order":0,"comment_status":"closed","ping_status":"closed","template":"","meta":{"footnotes":""},"class_list":["post-7404","page","type-page","status-publish","hentry"],"_links":{"self":[{"href":"https:\/\/omurilik.org.tr\/index.php\/wp-json\/wp\/v2\/pages\/7404","targetHints":{"allow":["GET"]}}],"collection":[{"href":"https:\/\/omurilik.org.tr\/index.php\/wp-json\/wp\/v2\/pages"}],"about":[{"href":"https:\/\/omurilik.org.tr\/index.php\/wp-json\/wp\/v2\/types\/page"}],"author":[{"embeddable":true,"href":"https:\/\/omurilik.org.tr\/index.php\/wp-json\/wp\/v2\/users\/1"}],"replies":[{"embeddable":true,"href":"https:\/\/omurilik.org.tr\/index.php\/wp-json\/wp\/v2\/comments?post=7404"}],"version-history":[{"count":16,"href":"https:\/\/omurilik.org.tr\/index.php\/wp-json\/wp\/v2\/pages\/7404\/revisions"}],"predecessor-version":[{"id":7589,"href":"https:\/\/omurilik.org.tr\/index.php\/wp-json\/wp\/v2\/pages\/7404\/revisions\/7589"}],"up":[{"embeddable":true,"href":"https:\/\/omurilik.org.tr\/index.php\/wp-json\/wp\/v2\/pages\/7400"}],"wp:attachment":[{"href":"https:\/\/omurilik.org.tr\/index.php\/wp-json\/wp\/v2\/media?parent=7404"}],"curies":[{"name":"wp","href":"https:\/\/api.w.org\/{rel}","templated":true}]}}