{"id":7410,"date":"2023-01-14T08:12:01","date_gmt":"2023-01-14T08:12:01","guid":{"rendered":"https:\/\/omurilik.org.tr\/?page_id=7410"},"modified":"2023-01-14T09:10:03","modified_gmt":"2023-01-14T09:10:03","slug":"aylik-bilimsel-toplanti-sunulari","status":"publish","type":"page","link":"https:\/\/omurilik.org.tr\/index.php\/bilgi-bankasi\/aylik-bilimsel-toplanti-sunulari\/","title":{"rendered":"Ayl\u0131k Bilimsel Toplant\u0131 Sunular\u0131"},"content":{"rendered":"<div class=\"ic-yazi-baslik\">\n<hr \/>\n<\/div>\n<div class=\"ic-yazi-konu\">\n<table class=\"table table-bordered\" width=\"100%\">\n<thead>\n<tr>\n<td>Y\u0131l<\/td>\n<td>Evsahibi Klinik<\/td>\n<td>Konu<\/td>\n<td>Konu\u015fmac\u0131<\/td>\n<\/tr>\n<\/thead>\n<tbody>\n<tr>\n<td class=\"bgcolor\" rowspan=\"3\">2015<\/td>\n<td>Konferans<\/td>\n<td>The challenges for measuring outcomes in neurological clinical trials, with examples from spinal cord injury\u201d<\/td>\n<td>Prof. John Steeves<\/td>\n<\/tr>\n<tr>\n<td rowspan=\"2\">Ba\u015fkent \u00dcTF FTR AD.<\/td>\n<td>Diff\u00fcz \u0130diopatik \u0130skelet Hiperostozuna Ba\u011fl\u0131 Geli\u015fen Parapleji<\/td>\n<td>Dr. Dilek \u00c7. Ali\u015far<\/td>\n<\/tr>\n<tr>\n<td>Hiperostozis ve Spinal Kord Yaralanmalar\u0131<\/td>\n<td>Dr. Sevgi \u0130. Af\u015far<\/td>\n<\/tr>\n<tr>\n<td class=\"bgcolor\" rowspan=\"2\">2014<\/td>\n<td rowspan=\"2\">Ankara FTR EAH<\/td>\n<td><a href=\"http:\/\/web.archive.org\/web\/20211022213652\/http:\/\/www.omurilik.org.tr\/sunumlar\/mufit-akyuz\/omurilik-yaralanmasi\/\" target=\"_blank\" rel=\"noopener\">Omurilik Yaralanmas\u0131 N\u00f6rolojik S\u0131n\u0131flamas\u0131 i\u00e7in Uluslararas\u0131 Standartlar \u2013 Formda G\u00fcncellemeler<\/a><\/td>\n<td>Dr. M\u00fcfit Aky\u00fcz<\/td>\n<\/tr>\n<tr>\n<td><a href=\"http:\/\/web.archive.org\/web\/20211022213652\/http:\/\/www.omurilik.org.tr\/sunumlar\/zuhal-ozisler\/norojenik-barsak\/\" target=\"_blank\" rel=\"noopener\">Omurilik Yaralanmal\u0131 Hastalarda N\u00f6rojenik Ba\u011firsak Rehabilitasyonu<\/a><\/td>\n<td>Dr. Zuhal \u00d6zi\u015fler<\/td>\n<\/tr>\n<tr>\n<td class=\"bgcolor\" rowspan=\"3\">2013<\/td>\n<td>G\u00fclhane ATF FTR AD TSK Rehab. Merkezi<\/td>\n<td>Merkezi Omurilik Yaralanmas\u0131 Rehabilitasyonunda Hasta Merkezli Yakla\u015f\u0131m<\/td>\n<td>Dr. A. Kenan Tan, Dr. R\u0131dvan Alaca, Dr. Kamil Yaz\u0131c\u0131o\u011flu, Dr. Bilge Y\u0131lmaz<\/td>\n<\/tr>\n<tr>\n<td rowspan=\"2\">Ankara FTR EAH<\/td>\n<td><a href=\"http:\/\/web.archive.org\/web\/20211022213652\/http:\/\/www.omurilik.org.tr\/sunumlar\/kutay-ordu-gokkaya\/omurilik-yaralanmali\/\" target=\"_blank\" rel=\"noopener\">Omurilik Yaralanmal\u0131 Hastalarda Kardiyolojik De\u011fi\u015fikliker<\/a><\/td>\n<td>Dr. Kutay Ordu G\u00f6kkaya<\/td>\n<\/tr>\n<tr>\n<td><a href=\"http:\/\/web.archive.org\/web\/20211022213652\/http:\/\/www.omurilik.org.tr\/sunumlar\/elif-yalcin\/ultrasonografi-onemi\/\" target=\"_blank\" rel=\"noopener\">Omurilik Yaralanmal\u0131 Hastalarda Ultrasonografi\u2019nin Yeri<\/a><\/td>\n<td>Dr. Elif Yal\u00e7\u0131n<\/td>\n<\/tr>\n<tr>\n<td class=\"bgcolor\" rowspan=\"4\">2012<\/td>\n<td rowspan=\"2\">Ankara D\u0131\u015fkap\u0131 Y\u0131ld\u0131r\u0131m Beyaz\u0131t EAH<\/td>\n<td><a href=\"http:\/\/web.archive.org\/web\/20211022213652\/http:\/\/www.omurilik.org.tr\/sunumlar\/ibrahim-gundogdu\/ventilator-bagimli\/\" target=\"_blank\" rel=\"noopener\">Servikal Omurilik Yaralanmali Hastalarda Mekanik Ventilat\u00f6rden Ay\u0131rma<\/a><\/td>\n<td>Dr. \u0130brahim G\u00fcndo\u011fdu<\/td>\n<\/tr>\n<tr>\n<td><a href=\"http:\/\/web.archive.org\/web\/20211022213652\/http:\/\/www.omurilik.org.tr\/sunumlar\/tacettin-mirzaoglu\/ventilator-bagimli\/\" target=\"_blank\" rel=\"noopener\">Ventilat\u00f6r Ba\u011fimli Servikal Omurilik Yaralanmali 4 Olgu<\/a><\/td>\n<td>Dr. Tacettin Mirzao\u011flu<br \/>\nDr. H. Hande Sancio\u011flu<\/td>\n<\/tr>\n<tr>\n<td rowspan=\"2\">G\u00fclhane ATF FTR AD. TSK Rehab. Merkezi<\/td>\n<td><a href=\"http:\/\/web.archive.org\/web\/20211022213652\/http:\/\/www.omurilik.org.tr\/sunumlar\/bilge-yilmaz\/spinal-cord\/\" target=\"_blank\" rel=\"noopener\">Spinal Kord Yaralanmas\u0131 ve Otonom Sinir Sistemi Disfonksiyonu<\/a><\/td>\n<td>Dr. Bilge Y\u0131lmaz<\/td>\n<\/tr>\n<tr>\n<td><a href=\"http:\/\/web.archive.org\/web\/20211022213652\/http:\/\/www.omurilik.org.tr\/sunumlar\/umut-guzelkucuk\/eriskin-tetrapleji\/\" target=\"_blank\" rel=\"noopener\">Eri\u015fkin Tetrapleji Hastas\u0131nda Otonomik Disrefleksiye Sebep Olan ve Fenol N\u00f6roliz ile Tedavi Edilen Tekrarlay\u0131c\u0131 Kal\u00e7a Subluksasyonu<\/a><\/td>\n<td>Dr. \u00dcm\u00fct G\u00fczelk\u00fc\u00e7\u00fck<\/td>\n<\/tr>\n<\/tbody>\n<\/table>\n<\/div>\n","protected":false},"excerpt":{"rendered":"<p>Y\u0131l Evsahibi Klinik Konu Konu\u015fmac\u0131 2015 Konferans The challenges for measuring outcomes in neurological clinical trials, with examples from spinal cord injury\u201d Prof. John Steeves Ba\u015fkent \u00dcTF FTR AD. Diff\u00fcz \u0130diopatik \u0130skelet Hiperostozuna Ba\u011fl\u0131 Geli\u015fen Parapleji Dr. Dilek \u00c7. Ali\u015far Hiperostozis ve Spinal Kord Yaralanmalar\u0131 Dr. Sevgi \u0130. Af\u015far 2014 Ankara FTR EAH Omurilik Yaralanmas\u0131 [&hellip;]<\/p>\n","protected":false},"author":1,"featured_media":0,"parent":7406,"menu_order":0,"comment_status":"closed","ping_status":"closed","template":"","meta":{"footnotes":""},"class_list":["post-7410","page","type-page","status-publish","hentry"],"_links":{"self":[{"href":"https:\/\/omurilik.org.tr\/index.php\/wp-json\/wp\/v2\/pages\/7410","targetHints":{"allow":["GET"]}}],"collection":[{"href":"https:\/\/omurilik.org.tr\/index.php\/wp-json\/wp\/v2\/pages"}],"about":[{"href":"https:\/\/omurilik.org.tr\/index.php\/wp-json\/wp\/v2\/types\/page"}],"author":[{"embeddable":true,"href":"https:\/\/omurilik.org.tr\/index.php\/wp-json\/wp\/v2\/users\/1"}],"replies":[{"embeddable":true,"href":"https:\/\/omurilik.org.tr\/index.php\/wp-json\/wp\/v2\/comments?post=7410"}],"version-history":[{"count":2,"href":"https:\/\/omurilik.org.tr\/index.php\/wp-json\/wp\/v2\/pages\/7410\/revisions"}],"predecessor-version":[{"id":7479,"href":"https:\/\/omurilik.org.tr\/index.php\/wp-json\/wp\/v2\/pages\/7410\/revisions\/7479"}],"up":[{"embeddable":true,"href":"https:\/\/omurilik.org.tr\/index.php\/wp-json\/wp\/v2\/pages\/7406"}],"wp:attachment":[{"href":"https:\/\/omurilik.org.tr\/index.php\/wp-json\/wp\/v2\/media?parent=7410"}],"curies":[{"name":"wp","href":"https:\/\/api.w.org\/{rel}","templated":true}]}}