{"id":7414,"date":"2023-01-14T08:12:48","date_gmt":"2023-01-14T08:12:48","guid":{"rendered":"https:\/\/omurilik.org.tr\/?page_id=7414"},"modified":"2025-10-24T17:08:45","modified_gmt":"2025-10-24T17:08:45","slug":"linkler","status":"publish","type":"page","link":"https:\/\/omurilik.org.tr\/index.php\/linkler\/","title":{"rendered":"Linkler"},"content":{"rendered":"\t\t<div data-elementor-type=\"wp-page\" data-elementor-id=\"7414\" class=\"elementor elementor-7414\">\n\t\t\t\t\t\t\t        <section class=\"elementor-section elementor-top-section elementor-element elementor-element-3ff21878 elementor-section-boxed elementor-section-height-default elementor-section-height-default ct-header-fixed-none ct-column-none ct-row-scroll-none ct-row-gradient--none\" data-id=\"3ff21878\" data-element_type=\"section\">\n            \n                        <div class=\"elementor-container elementor-column-gap-default \">\n                    <div class=\"elementor-column elementor-col-100 elementor-top-column elementor-element elementor-element-59919c92 ct-column-none col-offset-none\" data-id=\"59919c92\" data-element_type=\"column\">\n            <div class=\"elementor-widget-wrap elementor-element-populated\">\n                        \t\t<div class=\"elementor-element elementor-element-429fc279 elementor-widget elementor-widget-text-editor\" data-id=\"429fc279\" data-element_type=\"widget\" data-widget_type=\"text-editor.default\">\n\t\t\t\t<div class=\"elementor-widget-container\">\n\t\t\t<style>\/*! elementor - v3.10.0 - 09-01-2023 *\/\n.elementor-widget-text-editor.elementor-drop-cap-view-stacked .elementor-drop-cap{background-color:#818a91;color:#fff}.elementor-widget-text-editor.elementor-drop-cap-view-framed .elementor-drop-cap{color:#818a91;border:3px solid;background-color:transparent}.elementor-widget-text-editor:not(.elementor-drop-cap-view-default) .elementor-drop-cap{margin-top:8px}.elementor-widget-text-editor:not(.elementor-drop-cap-view-default) .elementor-drop-cap-letter{width:1em;height:1em}.elementor-widget-text-editor .elementor-drop-cap{float:left;text-align:center;line-height:1;font-size:50px}.elementor-widget-text-editor .elementor-drop-cap-letter{display:inline-block}<\/style>\t\t\t\t<hr \/><table class=\"table table-bordered table-striped\"><thead><tr><th>Ad\u0131<\/th><th>Web Adresi<\/th><\/tr><\/thead><tbody><tr><td>International Spinal Cord Society (ISCOS)<\/td><td><a href=\"http:\/\/iscos.org.uk\/\" target=\"_blank\" rel=\"noopener\">http:\/\/iscos.org.uk<\/a><\/td><\/tr><tr><td>European Spinal Cord Injury Federation (ESCIF)<\/td><td><a href=\"http:\/\/www.escif.org\/\" target=\"_blank\" rel=\"noopener\">http:\/\/www.escif.org\/<\/a><\/td><\/tr><tr><td>American Spinal Injury Association (ASIA)<\/td><td><a href=\"http:\/\/www.asia-spinalinjury.org\/\" target=\"_blank\" rel=\"noopener\">http:\/\/www.asia-spinalinjury.org\/<\/a><\/td><\/tr><tr><td>World Federation for Neuro Rehabilitation (WFNR)<\/td><td><a href=\"http:\/\/wfnr.co.uk\/\" target=\"_blank\" rel=\"noopener\">http:\/\/wfnr.co.uk\/<\/a><\/td><\/tr><tr><td>International Society of Physical and Rehabilitation Medicine (ISPRM)<\/td><td><a href=\"http:\/\/www.isprm.org\/\" target=\"_blank\" rel=\"noopener\">http:\/\/www.isprm.org\/<\/a><\/td><\/tr><tr><td>European Society of Physical and Rehabilitation Medicine \u00a0(ESPRM)<\/td><td><a href=\"http:\/\/www.esprm.net\/\" target=\"_blank\" rel=\"noopener\">http:\/\/www.esprm.net\/<\/a><\/td><\/tr><tr><td>World Health Organization (WHO)<\/td><td><a href=\"http:\/\/www.who.int\/en\/\" target=\"_blank\" rel=\"noopener\">http:\/\/www.who.int\/en\/<\/a><\/td><\/tr><tr><td>T\u00fcrkiye Fiziksel T\u0131p ve Rehabilitasyon Derne\u011fi<\/td><td><a href=\"http:\/\/www.tftr.org.tr\/\" target=\"_blank\" rel=\"noopener\">http:\/\/www.tftr.org.tr\/<\/a><\/td><\/tr><tr><td>T\u00fcrkiye Fiziksel T\u0131p ve Rehabilitasyon Uzman Hekimleri Derne\u011fi<\/td><td><a href=\"http:\/\/www.tsprm.org\/\" target=\"_blank\" rel=\"noopener\">http:\/\/www.tsprm.org\/<\/a><\/td><\/tr><tr><td>T\u00fcrk Omurga Derne\u011fi<\/td><td><a href=\"http:\/\/www.turkomurga.org.tr\/\" target=\"_blank\" rel=\"noopener\">http:\/\/www.turkomurga.org.tr<\/a><\/td><\/tr><tr><td>T\u00fcrkiye Omurilik Fel\u00e7lileri Derne\u011fi<\/td><td><a href=\"http:\/\/tofd.org.tr\/\" target=\"_blank\" rel=\"noopener\">http:\/\/tofd.org.tr\/<\/a><\/td><\/tr><\/tbody><\/table><h4>Di\u011fer Linkler<\/h4><hr \/><table class=\"table table-bordered table-striped\"><thead><tr><th>Ad\u0131<\/th><th>Web Adresi<\/th><\/tr><\/thead><tbody><tr><td>ISNCSCI Algorithm Calculator<\/td><td><a href=\"http:\/\/www.isncscialgorithm.com\/Form\" target=\"_blank\" rel=\"noopener\">http:\/\/www.isncscialgorithm.com\/Form<\/a><\/td><\/tr><\/tbody><\/table><h4>Dergiler<\/h4><hr \/><table class=\"table table-bordered table-striped\"><thead><tr><th>Ad\u0131<\/th><th>Web Adresi<\/th><\/tr><\/thead><tbody><tr><td>Spinal Cord<\/td><td><a href=\"http:\/\/www.nature.com\/sc\" target=\"_blank\" rel=\"noopener\">http:\/\/www.nature.com\/sc<\/a><\/td><\/tr><tr><td>Disability and Rehabilitation<\/td><td><a href=\"http:\/\/web.archive.org\/web\/20211022232054\/http:\/\/www.tandfonline.com\/loi\/idre20\" target=\"_blank\" rel=\"noopener\">http:\/\/www.tandfonline.com\/loi\/idre20<\/a><\/td><\/tr><tr><td>Archives of Physical Medicine and Rehabilition<\/td><td><a href=\"http:\/\/www.archives-pmr.org\/\" target=\"_blank\" rel=\"noopener\">http:\/\/www.archives-pmr.org<\/a><\/td><\/tr><tr><td>International Journal of Rehabilitation Research<\/td><td><a href=\"http:\/\/journals.lww.com\/intjrehabilres\/pages\/\" target=\"_blank\" rel=\"noopener\">http:\/\/journals.lww.com\/intjrehabilres\/pages\/<\/a><\/td><\/tr><tr><td>The Journal of Spinal Cord Medicine<\/td><td><a href=\"http:\/\/www.maneyonline.com\/loi\/scm\" target=\"_blank\" rel=\"noopener\">http:\/\/www.maneyonline.com\/loi\/scm<\/a><\/td><\/tr><tr><td>The Turkish Journal of Physical Medicine and Rehabilitation<br \/>(T\u00fcrkiye Fiziksel T\u0131p ve Rehabilitasyon Dergisi)<\/td><td><a href=\"http:\/\/www.ftrdergisi.com\/\" target=\"_blank\" rel=\"noopener\">http:\/\/www.ftrdergisi.com\/<\/a><\/td><\/tr><tr><td>Journal of Physical Medicine and Rehabilitation Sciences (J PMR Sci)<\/td><td><a href=\"http:\/\/www.jpmrs.org\/\" target=\"_blank\" rel=\"noopener\">http:\/\/www.jpmrs.org\/<\/a><\/td><\/tr><\/tbody><\/table>\t\t\t\t\t\t<\/div>\n\t\t\t\t<\/div>\n\t\t            <\/div>\n        <\/div>\n                            <\/div>\n        <\/section>\n        \t\t\t\t\t<\/div>\n\t\t","protected":false},"excerpt":{"rendered":"<p>Ad\u0131 Web Adresi International Spinal Cord Society (ISCOS) http:\/\/iscos.org.uk European Spinal Cord Injury Federation (ESCIF) http:\/\/www.escif.org\/ American Spinal Injury Association (ASIA) http:\/\/www.asia-spinalinjury.org\/ World Federation for Neuro Rehabilitation (WFNR) http:\/\/wfnr.co.uk\/ International Society of Physical and Rehabilitation Medicine (ISPRM) http:\/\/www.isprm.org\/ European Society of Physical and Rehabilitation Medicine \u00a0(ESPRM) http:\/\/www.esprm.net\/ World Health Organization (WHO) http:\/\/www.who.int\/en\/ T\u00fcrkiye Fiziksel T\u0131p [&hellip;]<\/p>\n","protected":false},"author":1,"featured_media":0,"parent":0,"menu_order":0,"comment_status":"closed","ping_status":"closed","template":"","meta":{"footnotes":""},"class_list":["post-7414","page","type-page","status-publish","hentry"],"_links":{"self":[{"href":"https:\/\/omurilik.org.tr\/index.php\/wp-json\/wp\/v2\/pages\/7414","targetHints":{"allow":["GET"]}}],"collection":[{"href":"https:\/\/omurilik.org.tr\/index.php\/wp-json\/wp\/v2\/pages"}],"about":[{"href":"https:\/\/omurilik.org.tr\/index.php\/wp-json\/wp\/v2\/types\/page"}],"author":[{"embeddable":true,"href":"https:\/\/omurilik.org.tr\/index.php\/wp-json\/wp\/v2\/users\/1"}],"replies":[{"embeddable":true,"href":"https:\/\/omurilik.org.tr\/index.php\/wp-json\/wp\/v2\/comments?post=7414"}],"version-history":[{"count":8,"href":"https:\/\/omurilik.org.tr\/index.php\/wp-json\/wp\/v2\/pages\/7414\/revisions"}],"predecessor-version":[{"id":7559,"href":"https:\/\/omurilik.org.tr\/index.php\/wp-json\/wp\/v2\/pages\/7414\/revisions\/7559"}],"wp:attachment":[{"href":"https:\/\/omurilik.org.tr\/index.php\/wp-json\/wp\/v2\/media?parent=7414"}],"curies":[{"name":"wp","href":"https:\/\/api.w.org\/{rel}","templated":true}]}}