{"id":7506,"date":"2023-01-14T09:21:41","date_gmt":"2023-01-14T09:21:41","guid":{"rendered":"https:\/\/omurilik.org.tr\/?page_id=7506"},"modified":"2025-10-24T18:38:18","modified_gmt":"2025-10-24T18:38:18","slug":"hasta-bilgilendirme","status":"publish","type":"page","link":"https:\/\/omurilik.org.tr\/index.php\/hasta-bilgilendirme\/","title":{"rendered":"Hasta Bilgilendirme Kitap\u00e7\u0131klar\u0131"},"content":{"rendered":"\t\t<div data-elementor-type=\"wp-page\" data-elementor-id=\"7506\" class=\"elementor elementor-7506\">\n\t\t\t\t\t\t\t        <section class=\"elementor-section elementor-top-section elementor-element elementor-element-56cea7b3 elementor-section-boxed elementor-section-height-default elementor-section-height-default ct-header-fixed-none ct-column-none ct-row-scroll-none ct-row-gradient--none\" data-id=\"56cea7b3\" data-element_type=\"section\">\n            \n                        <div class=\"elementor-container elementor-column-gap-default \">\n                    <div class=\"elementor-column elementor-col-100 elementor-top-column elementor-element elementor-element-c31dd32 ct-column-none col-offset-none\" data-id=\"c31dd32\" data-element_type=\"column\">\n            <div class=\"elementor-widget-wrap elementor-element-populated\">\n                        \t\t<div class=\"elementor-element elementor-element-1e849a27 elementor-widget elementor-widget-text-editor\" data-id=\"1e849a27\" data-element_type=\"widget\" data-widget_type=\"text-editor.default\">\n\t\t\t\t<div class=\"elementor-widget-container\">\n\t\t\t<style>\/*! elementor - v3.10.0 - 09-01-2023 *\/\n.elementor-widget-text-editor.elementor-drop-cap-view-stacked .elementor-drop-cap{background-color:#818a91;color:#fff}.elementor-widget-text-editor.elementor-drop-cap-view-framed .elementor-drop-cap{color:#818a91;border:3px solid;background-color:transparent}.elementor-widget-text-editor:not(.elementor-drop-cap-view-default) .elementor-drop-cap{margin-top:8px}.elementor-widget-text-editor:not(.elementor-drop-cap-view-default) .elementor-drop-cap-letter{width:1em;height:1em}.elementor-widget-text-editor .elementor-drop-cap{float:left;text-align:center;line-height:1;font-size:50px}.elementor-widget-text-editor .elementor-drop-cap-letter{display:inline-block}<\/style>\t\t\t\t<p><a href=\"https:\/\/omurilik.org.tr\/wp-content\/uploads\/2025\/10\/otonomik-disrefleksi-kitabi.pdf\" rel=\"\">OMUR\u0130L\u0130K \u2013 OTONOM\u0130K D\u0130SREFLEKS\u0130<\/a><br \/><a href=\"https:\/\/omurilik.org.tr\/wp-content\/uploads\/2025\/10\/OMURILIK_SOLUNUM.pdf\" rel=\"\">OMUR\u0130L\u0130K \u2013 SOLUNUM S\u0130STEM\u0130<\/a><\/p><p><a href=\"https:\/\/omurilik.org.tr\/wp-content\/uploads\/2025\/10\/OMURILIK-NOROJENIK-MESANE.pdf\" rel=\"\">OMUR\u0130L\u0130K N\u00d6ROJEN\u0130K MESANE<\/a><\/p><p><a href=\"https:\/\/omurilik.org.tr\/wp-content\/uploads\/2025\/10\/OMURILIK_bagirsak.pdf\" rel=\"\">OMUR\u0130L\u0130K \u2013 N\u00d6ROJEN\u0130K BARSAK<\/a><\/p><p><a href=\"https:\/\/omurilik.org.tr\/wp-content\/uploads\/2025\/10\/OMURILIK-CINSEL.pdf\" rel=\"\">OMUR\u0130L\u0130K C\u0130NSEL FONKS\u0130YONLAR<\/a><\/p><p><a href=\"https:\/\/omurilik.org.tr\/wp-content\/uploads\/2025\/10\/OMURILIK-BESLENME.pdf\" rel=\"\">OMUR\u0130L\u0130K \u2013 BESLENME<\/a><br \/><a href=\"https:\/\/omurilik.org.tr\/wp-content\/uploads\/2025\/10\/OMURILIK-BASI-4.pdf\" rel=\"\">OMUR\u0130L\u0130K \u2013 BASI YARALARI<\/a><\/p>\t\t\t\t\t\t<\/div>\n\t\t\t\t<\/div>\n\t\t            <\/div>\n        <\/div>\n                            <\/div>\n        <\/section>\n        \t\t\t\t\t<\/div>\n\t\t","protected":false},"excerpt":{"rendered":"<p>OMUR\u0130L\u0130K \u2013 OTONOM\u0130K D\u0130SREFLEKS\u0130OMUR\u0130L\u0130K \u2013 SOLUNUM S\u0130STEM\u0130 OMUR\u0130L\u0130K N\u00d6ROJEN\u0130K MESANE OMUR\u0130L\u0130K \u2013 N\u00d6ROJEN\u0130K BARSAK OMUR\u0130L\u0130K C\u0130NSEL FONKS\u0130YONLAR OMUR\u0130L\u0130K \u2013 BESLENMEOMUR\u0130L\u0130K \u2013 BASI YARALARI<\/p>\n","protected":false},"author":1,"featured_media":0,"parent":0,"menu_order":0,"comment_status":"closed","ping_status":"closed","template":"","meta":{"footnotes":""},"class_list":["post-7506","page","type-page","status-publish","hentry"],"_links":{"self":[{"href":"https:\/\/omurilik.org.tr\/index.php\/wp-json\/wp\/v2\/pages\/7506","targetHints":{"allow":["GET"]}}],"collection":[{"href":"https:\/\/omurilik.org.tr\/index.php\/wp-json\/wp\/v2\/pages"}],"about":[{"href":"https:\/\/omurilik.org.tr\/index.php\/wp-json\/wp\/v2\/types\/page"}],"author":[{"embeddable":true,"href":"https:\/\/omurilik.org.tr\/index.php\/wp-json\/wp\/v2\/users\/1"}],"replies":[{"embeddable":true,"href":"https:\/\/omurilik.org.tr\/index.php\/wp-json\/wp\/v2\/comments?post=7506"}],"version-history":[{"count":24,"href":"https:\/\/omurilik.org.tr\/index.php\/wp-json\/wp\/v2\/pages\/7506\/revisions"}],"predecessor-version":[{"id":7620,"href":"https:\/\/omurilik.org.tr\/index.php\/wp-json\/wp\/v2\/pages\/7506\/revisions\/7620"}],"wp:attachment":[{"href":"https:\/\/omurilik.org.tr\/index.php\/wp-json\/wp\/v2\/media?parent=7506"}],"curies":[{"name":"wp","href":"https:\/\/api.w.org\/{rel}","templated":true}]}}