{"id":7510,"date":"2023-01-14T09:22:50","date_gmt":"2023-01-14T09:22:50","guid":{"rendered":"https:\/\/omurilik.org.tr\/?page_id=7510"},"modified":"2023-01-14T09:23:01","modified_gmt":"2023-01-14T09:23:01","slug":"odul-ve-destekler","status":"publish","type":"page","link":"https:\/\/omurilik.org.tr\/index.php\/odul-ve-destekler\/","title":{"rendered":"\u00d6d\u00fcl ve Destekler"},"content":{"rendered":"<p>Omurilik Hastal\u0131klar\u0131 Derne\u011finin kurulu\u015f ama\u00e7lar\u0131ndan biri; dernek t\u00fcz\u00fc\u011f\u00fcn\u00fcn ikinci maddesinde belirtildi\u011fi \u00fczere \u2018Omurilik Hastal\u0131klar\u0131 ve Rehabilitasyonu alan\u0131nda yap\u0131lan bilimsel ara\u015ft\u0131rmalar\u0131 desteklemek ve \u00fcyelerini te\u015fvik etmektir.<\/p>\n","protected":false},"excerpt":{"rendered":"<p>Omurilik Hastal\u0131klar\u0131 Derne\u011finin kurulu\u015f ama\u00e7lar\u0131ndan biri; dernek t\u00fcz\u00fc\u011f\u00fcn\u00fcn ikinci maddesinde belirtildi\u011fi \u00fczere \u2018Omurilik Hastal\u0131klar\u0131 ve Rehabilitasyonu alan\u0131nda yap\u0131lan bilimsel ara\u015ft\u0131rmalar\u0131 desteklemek ve \u00fcyelerini te\u015fvik etmektir.<\/p>\n","protected":false},"author":1,"featured_media":0,"parent":0,"menu_order":0,"comment_status":"closed","ping_status":"closed","template":"","meta":{"footnotes":""},"class_list":["post-7510","page","type-page","status-publish","hentry"],"_links":{"self":[{"href":"https:\/\/omurilik.org.tr\/index.php\/wp-json\/wp\/v2\/pages\/7510","targetHints":{"allow":["GET"]}}],"collection":[{"href":"https:\/\/omurilik.org.tr\/index.php\/wp-json\/wp\/v2\/pages"}],"about":[{"href":"https:\/\/omurilik.org.tr\/index.php\/wp-json\/wp\/v2\/types\/page"}],"author":[{"embeddable":true,"href":"https:\/\/omurilik.org.tr\/index.php\/wp-json\/wp\/v2\/users\/1"}],"replies":[{"embeddable":true,"href":"https:\/\/omurilik.org.tr\/index.php\/wp-json\/wp\/v2\/comments?post=7510"}],"version-history":[{"count":2,"href":"https:\/\/omurilik.org.tr\/index.php\/wp-json\/wp\/v2\/pages\/7510\/revisions"}],"predecessor-version":[{"id":7512,"href":"https:\/\/omurilik.org.tr\/index.php\/wp-json\/wp\/v2\/pages\/7510\/revisions\/7512"}],"wp:attachment":[{"href":"https:\/\/omurilik.org.tr\/index.php\/wp-json\/wp\/v2\/media?parent=7510"}],"curies":[{"name":"wp","href":"https:\/\/api.w.org\/{rel}","templated":true}]}}